{"id":1250,"date":"2025-01-13T12:37:04","date_gmt":"2025-01-13T10:37:04","guid":{"rendered":"https:\/\/b2bislandpackaging.gr\/privacy-policy\/"},"modified":"2025-02-18T09:11:29","modified_gmt":"2025-02-18T07:11:29","slug":"privacy-policy","status":"publish","type":"page","link":"https:\/\/b2bislandpackaging.gr\/fr\/privacy-policy\/","title":{"rendered":"politique de confidentialit\u00e9"},"content":{"rendered":"\t\t<div data-elementor-type=\"wp-page\" data-elementor-id=\"1250\" class=\"elementor elementor-1250 elementor-3\" data-elementor-post-type=\"page\">\n\t\t\t\t\t\t<section class=\"elementor-section elementor-top-section elementor-element elementor-element-28ce2a6 elementor-section-content-middle rey-section-stretched elementor-section-boxed elementor-section-height-default elementor-section-height-default\" data-id=\"28ce2a6\" data-element_type=\"section\">\n\t\t\t\t\t\t<div class=\"elementor-container elementor-column-gap-no\">\n\t\t\t\t\t<div class=\"elementor-column elementor-col-100 elementor-top-column elementor-element elementor-element-ed938fe\" data-id=\"ed938fe\" data-element_type=\"column\">\n\t\t\t<div class=\"elementor-column-wrap--ed938fe elementor-widget-wrap elementor-element-populated\">\n\t\t\t\t\t\t<div class=\"elementor-element elementor-element-6bded75 elementor-widget elementor-widget-heading\" data-id=\"6bded75\" data-element_type=\"widget\" data-widget_type=\"heading.default\">\n\t\t\t\t<div class=\"elementor-widget-container\">\n\t\t\t\t\t<h2 class=\"elementor-heading-title elementor-size-default\">Politique de confidentialit\u00e9<\/h2>\t\t\t\t<\/div>\n\t\t\t\t<\/div>\n\t\t\t\t<div class=\"elementor-element elementor-element-89f7481 elementor-widget elementor-widget-text-editor\" data-id=\"89f7481\" data-element_type=\"widget\" data-widget_type=\"text-editor.default\">\n\t\t\t\t<div class=\"elementor-widget-container\">\n\t\t\t\t\t\t\t\t\tConform\u00e9ment au nouveau r\u00e8glement du R\u00e8glement g\u00e9n\u00e9ral sur la protection des donn\u00e9es (RGPD) de l&#8217;Union europ\u00e9enne pour la protection des donn\u00e9es personnelles des visiteurs\/utilisateurs du site b2bislandpackaging.gr, nous vous informons :\t\t\t\t\t\t\t\t<\/div>\n\t\t\t\t<\/div>\n\t\t\t\t<section class=\"elementor-section elementor-inner-section elementor-element elementor-element-2b89d99 elementor-section-content-top elementor-section-full_width elementor-section-height-default elementor-section-height-default\" data-id=\"2b89d99\" data-element_type=\"section\">\n\t\t\t\t\t\t<div class=\"elementor-container elementor-column-gap-no\">\n\t\t\t\t\t<div class=\"elementor-column elementor-col-50 elementor-inner-column elementor-element elementor-element-6f5b719\" data-id=\"6f5b719\" data-element_type=\"column\">\n\t\t\t<div class=\"elementor-column-wrap--6f5b719 elementor-widget-wrap elementor-element-populated\">\n\t\t\t\t\t\t<div class=\"elementor-element elementor-element-71853c6 elementor-widget elementor-widget-heading\" data-id=\"71853c6\" data-element_type=\"widget\" data-widget_type=\"heading.default\">\n\t\t\t\t<div class=\"elementor-widget-container\">\n\t\t\t\t\t<span class=\"elementor-heading-title elementor-size-default\">1. Qui nous sommes<\/span>\t\t\t\t<\/div>\n\t\t\t\t<\/div>\n\t\t\t\t<div class=\"elementor-element elementor-element-744382d elementor-widget elementor-widget-text-editor\" data-id=\"744382d\" data-element_type=\"widget\" data-widget_type=\"text-editor.default\">\n\t\t\t\t<div class=\"elementor-widget-container\">\n\t\t\t\t\t\t\t\t\t\nVOUTSINOU &#8211; ROUSSO &amp; Co. O.E. et sous le titre distinctif b2bislandpackaging, cr\u00e9ateurs et propri\u00e9taires du site b2bislandpackaging.gr et de ses services correspondants (ci-apr\u00e8s : \u00ab b2bislandpackaging.gr \u00bb).\t\t\t\t\t\t\t\t<\/div>\n\t\t\t\t<\/div>\n\t\t\t\t<div class=\"elementor-element elementor-element-10e9aa2 elementor-widget elementor-widget-heading\" data-id=\"10e9aa2\" data-element_type=\"widget\" data-widget_type=\"heading.default\">\n\t\t\t\t<div class=\"elementor-widget-container\">\n\t\t\t\t\t<span class=\"elementor-heading-title elementor-size-default\">2. Collecte des donn\u00e9es personnelles des utilisateurs : Les donn\u00e9es des visiteurs\/utilisateurs sont utilis\u00e9es :\n<\/span>\t\t\t\t<\/div>\n\t\t\t\t<\/div>\n\t\t\t\t<div class=\"elementor-element elementor-element-45f9524 elementor-widget elementor-widget-text-editor\" data-id=\"45f9524\" data-element_type=\"widget\" data-widget_type=\"text-editor.default\">\n\t\t\t\t<div class=\"elementor-widget-container\">\n\t\t\t\t\t\t\t\t\t<p>\u2022 pour l&#8217;envoi de newsletters dans le seul but de diffuser les contenus publi\u00e9s \u00e0 intervalles r\u00e9guliers sur le site b2bislandpackaging.gr,<br \/>\u2022 pour la participation aux concours organis\u00e9s, \u00e0 travers la soumission des coordonn\u00e9es dans les formulaires de participation, afin d&#8217;informer personnellement les utilisateurs s&#8217;ils sont gagnants.<br \/>\u2022 pour la communication entre les visiteurs et les administrateurs du site b2bislandpackaging.gr.<\/p>\t\t\t\t\t\t\t\t<\/div>\n\t\t\t\t<\/div>\n\t\t\t\t<div class=\"elementor-element elementor-element-77875a4 elementor-widget elementor-widget-heading\" data-id=\"77875a4\" data-element_type=\"widget\" data-widget_type=\"heading.default\">\n\t\t\t\t<div class=\"elementor-widget-container\">\n\t\t\t\t\t<span class=\"elementor-heading-title elementor-size-default\">3. Les coordonn\u00e9es des utilisateurs demand\u00e9s et enregistr\u00e9s dans la liste des newsletters sont les suivantes :<\/span>\t\t\t\t<\/div>\n\t\t\t\t<\/div>\n\t\t\t\t<div class=\"elementor-element elementor-element-849e736 elementor-widget elementor-widget-text-editor\" data-id=\"849e736\" data-element_type=\"widget\" data-widget_type=\"text-editor.default\">\n\t\t\t\t<div class=\"elementor-widget-container\">\n\t\t\t\t\t\t\t\t\t<p>\u2022 Adresse e-mail (champ obligatoire)<br \/>\u2022 Nom<\/p>\t\t\t\t\t\t\t\t<\/div>\n\t\t\t\t<\/div>\n\t\t\t\t<div class=\"elementor-element elementor-element-5544554 elementor-widget elementor-widget-heading\" data-id=\"5544554\" data-element_type=\"widget\" data-widget_type=\"heading.default\">\n\t\t\t\t<div class=\"elementor-widget-container\">\n\t\t\t\t\t<span class=\"elementor-heading-title elementor-size-default\">4. Les donn\u00e9es utilisateur demand\u00e9es et enregistr\u00e9es via les formulaires de participation au concours sont les suivantes :<\/span>\t\t\t\t<\/div>\n\t\t\t\t<\/div>\n\t\t\t\t<div class=\"elementor-element elementor-element-08bc55b elementor-widget elementor-widget-text-editor\" data-id=\"08bc55b\" data-element_type=\"widget\" data-widget_type=\"text-editor.default\">\n\t\t\t\t<div class=\"elementor-widget-container\">\n\t\t\t\t\t\t\t\t\t<p>\u2022 Nom (champ obligatoire)<br \/>Adresse email (champ obligatoire)<br \/>\u2022 T\u00e9l\u00e9phone (champ obligatoire)<br \/>\u2022 Propri\u00e9t\u00e9<\/p>\t\t\t\t\t\t\t\t<\/div>\n\t\t\t\t<\/div>\n\t\t\t\t<div class=\"elementor-element elementor-element-5e3bba0 elementor-widget elementor-widget-heading\" data-id=\"5e3bba0\" data-element_type=\"widget\" data-widget_type=\"heading.default\">\n\t\t\t\t<div class=\"elementor-widget-container\">\n\t\t\t\t\t<span class=\"elementor-heading-title elementor-size-default\">\n5. Les coordonn\u00e9es de l'utilisateur demand\u00e9es et saisies dans le formulaire de contact sont les suivantes :<\/span>\t\t\t\t<\/div>\n\t\t\t\t<\/div>\n\t\t\t\t<div class=\"elementor-element elementor-element-1498848 elementor-widget elementor-widget-text-editor\" data-id=\"1498848\" data-element_type=\"widget\" data-widget_type=\"text-editor.default\">\n\t\t\t\t<div class=\"elementor-widget-container\">\n\t\t\t\t\t\t\t\t\t<p>\u2022 Nom (champ obligatoire)<br \/>Adresse email (champ obligatoire)<br \/>\u2022 T\u00e9l\u00e9phone<br \/>\u2022 Objet (champ obligatoire)<br \/>\u2022 Service associ\u00e9<br \/>\u2022 Message (champ obligatoire)<\/p>\t\t\t\t\t\t\t\t<\/div>\n\t\t\t\t<\/div>\n\t\t\t\t\t<\/div>\n\t\t<\/div>\n\t\t\t\t<div class=\"elementor-column elementor-col-50 elementor-inner-column elementor-element elementor-element-3a4daae\" data-id=\"3a4daae\" data-element_type=\"column\">\n\t\t\t<div class=\"elementor-column-wrap--3a4daae elementor-widget-wrap elementor-element-populated\">\n\t\t\t\t\t\t<div class=\"elementor-element elementor-element-9454fd7 elementor-widget elementor-widget-heading\" data-id=\"9454fd7\" data-element_type=\"widget\" data-widget_type=\"heading.default\">\n\t\t\t\t<div class=\"elementor-widget-container\">\n\t\t\t\t\t<span class=\"elementor-heading-title elementor-size-default\">6. Les donn\u00e9es d'utilisateur qui sont demand\u00e9es et enregistr\u00e9es lors de l'inscription dans nos boutiques en ligne sont les suivantes :<\/span>\t\t\t\t<\/div>\n\t\t\t\t<\/div>\n\t\t\t\t<div class=\"elementor-element elementor-element-2f8dc50 elementor-widget elementor-widget-text-editor\" data-id=\"2f8dc50\" data-element_type=\"widget\" data-widget_type=\"text-editor.default\">\n\t\t\t\t<div class=\"elementor-widget-container\">\n\t\t\t\t\t\t\t\t\t<p>Adresse email (champ obligatoire)<\/p>\t\t\t\t\t\t\t\t<\/div>\n\t\t\t\t<\/div>\n\t\t\t\t<div class=\"elementor-element elementor-element-e967b8a elementor-widget elementor-widget-heading\" data-id=\"e967b8a\" data-element_type=\"widget\" data-widget_type=\"heading.default\">\n\t\t\t\t<div class=\"elementor-widget-container\">\n\t\t\t\t\t<span class=\"elementor-heading-title elementor-size-default\">7. Les donn\u00e9es d'utilisateur qui sont demand\u00e9es et enregistr\u00e9es lors de l'utilisation de nos boutiques en ligne sont les suivantes :<\/span>\t\t\t\t<\/div>\n\t\t\t\t<\/div>\n\t\t\t\t<div class=\"elementor-element elementor-element-5d5bcb3 elementor-widget elementor-widget-text-editor\" data-id=\"5d5bcb3\" data-element_type=\"widget\" data-widget_type=\"text-editor.default\">\n\t\t\t\t<div class=\"elementor-widget-container\">\n\t\t\t\t\t\t\t\t\t<p>\u2022 Nom (champ obligatoire)<br \/>\u2022 Nom (champ obligatoire)<br \/>\u2022 Adresse e-mail (champ obligatoire)<br \/>\u2022 Adresse et adresse de facturation Adresse de livraison (Soci\u00e9t\u00e9\/Raison sociale, Profession, Adresse, R\u00e9gion, Ville, Code postal, Num\u00e9ro d&#8217;identification fiscale et Num\u00e9ro d&#8217;identification fiscale)<\/p>\t\t\t\t\t\t\t\t<\/div>\n\t\t\t\t<\/div>\n\t\t\t\t<div class=\"elementor-element elementor-element-d4527ec elementor-widget elementor-widget-heading\" data-id=\"d4527ec\" data-element_type=\"widget\" data-widget_type=\"heading.default\">\n\t\t\t\t<div class=\"elementor-widget-container\">\n\t\t\t\t\t<span class=\"elementor-heading-title elementor-size-default\">8. D\u00e9tails des utilisateurs dans les comp\u00e9titions<\/span>\t\t\t\t<\/div>\n\t\t\t\t<\/div>\n\t\t\t\t<div class=\"elementor-element elementor-element-4eba6d8 elementor-widget elementor-widget-text-editor\" data-id=\"4eba6d8\" data-element_type=\"widget\" data-widget_type=\"text-editor.default\">\n\t\t\t\t<div class=\"elementor-widget-container\">\n\t\t\t\t\t\t\t\t\tLes coordonn\u00e9es des utilisateurs qui participent aux concours organis\u00e9s sont \u00e9galement enregistr\u00e9es dans la liste des abonn\u00e9s qui re\u00e7oivent les newsletters seulement apr\u00e8s leur consentement, via une s\u00e9lection dans le formulaire de participation.\t\t\t\t\t\t\t\t<\/div>\n\t\t\t\t<\/div>\n\t\t\t\t<div class=\"elementor-element elementor-element-981a520 elementor-widget elementor-widget-heading\" data-id=\"981a520\" data-element_type=\"widget\" data-widget_type=\"heading.default\">\n\t\t\t\t<div class=\"elementor-widget-container\">\n\t\t\t\t\t<span class=\"elementor-heading-title elementor-size-default\">9. D\u00e9tails des utilisateurs communiquant avec les administrateurs<\/span>\t\t\t\t<\/div>\n\t\t\t\t<\/div>\n\t\t\t\t<div class=\"elementor-element elementor-element-6f25b17 elementor-widget elementor-widget-text-editor\" data-id=\"6f25b17\" data-element_type=\"widget\" data-widget_type=\"text-editor.default\">\n\t\t\t\t<div class=\"elementor-widget-container\">\n\t\t\t\t\t\t\t\t\tLes coordonn\u00e9es des utilisateurs qui communiquent avec les administrateurs du site b2bislandpackaging.gr sont \u00e9galement enregistr\u00e9es dans la liste des abonn\u00e9s qui re\u00e7oivent les newsletters uniquement avec leur consentement, via une s\u00e9lection dans le formulaire de contact.\t\t\t\t\t\t\t\t<\/div>\n\t\t\t\t<\/div>\n\t\t\t\t<div class=\"elementor-element elementor-element-151fbbc elementor-widget elementor-widget-heading\" data-id=\"151fbbc\" data-element_type=\"widget\" data-widget_type=\"heading.default\">\n\t\t\t\t<div class=\"elementor-widget-container\">\n\t\t\t\t\t<span class=\"elementor-heading-title elementor-size-default\">10. Acc\u00e8s<\/span>\t\t\t\t<\/div>\n\t\t\t\t<\/div>\n\t\t\t\t<div class=\"elementor-element elementor-element-af842da elementor-widget elementor-widget-text-editor\" data-id=\"af842da\" data-element_type=\"widget\" data-widget_type=\"text-editor.default\">\n\t\t\t\t<div class=\"elementor-widget-container\">\n\t\t\t\t\t\t\t\t\t<p>Seuls les administrateurs du site b2bislandpackaging.gr et aucune autre organisation ou personne physique n&#8217;ont acc\u00e8s aux donn\u00e9es des utilisateurs.<\/p>\t\t\t\t\t\t\t\t<\/div>\n\t\t\t\t<\/div>\n\t\t\t\t<div class=\"elementor-element elementor-element-1699ca5 elementor-widget elementor-widget-heading\" data-id=\"1699ca5\" data-element_type=\"widget\" data-widget_type=\"heading.default\">\n\t\t\t\t<div class=\"elementor-widget-container\">\n\t\t\t\t\t<span class=\"elementor-heading-title elementor-size-default\">11. Vos droits<\/span>\t\t\t\t<\/div>\n\t\t\t\t<\/div>\n\t\t\t\t<div class=\"elementor-element elementor-element-cf7bfb1 elementor-widget elementor-widget-text-editor\" data-id=\"cf7bfb1\" data-element_type=\"widget\" data-widget_type=\"text-editor.default\">\n\t\t\t\t<div class=\"elementor-widget-container\">\n\t\t\t\t\t\t\t\t\t<p>Les donn\u00e9es des utilisateurs enregistr\u00e9s dans la liste des newsletters restent dans la base de donn\u00e9es jusqu&#8217;\u00e0 ce que l&#8217;utilisateur d\u00e9clare lui-m\u00eame qu&#8217;il souhaite \u00eatre d\u00e9finitivement supprim\u00e9 de cette liste.<\/p>\t\t\t\t\t\t\t\t<\/div>\n\t\t\t\t<\/div>\n\t\t\t\t<div class=\"elementor-element elementor-element-be0c74c elementor-widget elementor-widget-heading\" data-id=\"be0c74c\" data-element_type=\"widget\" data-widget_type=\"heading.default\">\n\t\t\t\t<div class=\"elementor-widget-container\">\n\t\t\t\t\t<span class=\"elementor-heading-title elementor-size-default\">12. Informations utilisateur<\/span>\t\t\t\t<\/div>\n\t\t\t\t<\/div>\n\t\t\t\t<div class=\"elementor-element elementor-element-e951f13 elementor-widget elementor-widget-text-editor\" data-id=\"e951f13\" data-element_type=\"widget\" data-widget_type=\"text-editor.default\">\n\t\t\t\t<div class=\"elementor-widget-container\">\n\t\t\t\t\t\t\t\t\tLes coordonn\u00e9es des utilisateurs qui ont contact\u00e9 les administrateurs du site b2bislandpackaging.gr via les formulaires de contact ou en envoyant un e-mail \u00e0 info@b2bislandpackaging.gr restent comme entr\u00e9es dans la liste des messages entrants.\t\t\t\t\t\t\t\t<\/div>\n\t\t\t\t<\/div>\n\t\t\t\t\t<\/div>\n\t\t<\/div>\n\t\t\t\t\t<\/div>\n\t\t<\/section>\n\t\t\t\t\t<\/div>\n\t\t<\/div>\n\t\t\t\t\t<\/div>\n\t\t<\/section>\n\t\t\t\t<section class=\"elementor-section elementor-top-section elementor-element elementor-element-cb1d8f5 elementor-section-content-middle elementor-section-boxed elementor-section-height-default elementor-section-height-default\" data-id=\"cb1d8f5\" data-element_type=\"section\">\n\t\t\t\t\t\t<div class=\"elementor-container elementor-column-gap-no\">\n\t\t\t\t\t<div class=\"elementor-column elementor-col-100 elementor-top-column elementor-element elementor-element-0fcd449\" data-id=\"0fcd449\" data-element_type=\"column\">\n\t\t\t<div class=\"elementor-column-wrap--0fcd449 elementor-widget-wrap elementor-element-populated\">\n\t\t\t\t\t\t<div class=\"elementor-element elementor-element-c40b0c0 elementor-widget elementor-widget-text-editor\" data-id=\"c40b0c0\" data-element_type=\"widget\" data-widget_type=\"text-editor.default\">\n\t\t\t\t<div class=\"elementor-widget-container\">\n\t\t\t\t\t\t\t\t\t<h4><strong>T\u00e9l\u00e9chargement de donn\u00e9es personnelles<\/strong><\/h4>\nLes utilisateurs enregistr\u00e9s du site b2bislandpackaging.gr ont la possibilit\u00e9 de t\u00e9l\u00e9charger leurs donn\u00e9es stock\u00e9es dans la base de donn\u00e9es correspondante. La mani\u00e8re de proc\u00e9der individuellement est en cours de d\u00e9veloppement.\nAlternativement, ils peuvent envoyer un e-mail \u00e0 l&#8217;adresse e-mail info@b2bislandpackaging.gr ou contacter les administrateurs du site via le formulaire de contact et demander l&#8217;envoi de leurs informations personnelles \u00e0 l&#8217;adresse e-mail qu&#8217;ils indiqueront.\n<h4><strong>Cessation de r\u00e9ception des newsletters \/ Suppression d\u00e9finitive d&#8217;un utilisateur inscrit de la liste des newsletters<\/strong><\/h4>\nL&#8217;utilisateur inscrit dans la liste des newsletters du site b2bislandpackaging.gr a \u200b\u200ble droit de ne plus recevoir les newsletters, voire d&#8217;\u00eatre d\u00e9finitivement supprim\u00e9 de la base de donn\u00e9es.\nIl est pr\u00e9cis\u00e9 que l\u2019arr\u00eat de la r\u00e9ception des newsletters n\u2019implique pas leur suppression d\u00e9finitive.\n\u2022 Pour ne plus recevoir de newsletters, l&#8217;utilisateur clique sur le lien situ\u00e9 en dessous d&#8217;une newsletter \u00ab Se d\u00e9sabonner \u00bb. A partir de ce moment, il cesse automatiquement de recevoir les newsletters. Alternativement, il peut envoyer un e-mail \u00e0 info@b2bislandpackaging.gr ou envoyer un message via le formulaire de contact, demandant de ne plus recevoir de newsletters. Ensuite, les administrateurs du site Decobox.gr cesseront d&#8217;envoyer des newsletters \u00e0 l&#8217;utilisateur.\n\u2022 Pour \u00eatre d\u00e9finitivement supprim\u00e9 de la base de donn\u00e9es, l&#8217;utilisateur peut envoyer un e-mail \u00e0 info@b2bislandpackaging.gr ou envoyer un message via le formulaire de contact, demandant sa suppression d\u00e9finitive de la base de donn\u00e9es. Ensuite, les administrateurs du site b2bislandpackaging.gr supprimeront d\u00e9finitivement son enregistrement de la base de donn\u00e9es.\n<h4><b>Suppression d\u00e9finitive d&#8217;un utilisateur du syst\u00e8me de commande b2bislandpackaging.gr<\/b><\/h4>\nLes utilisateurs enregistr\u00e9s du syst\u00e8me de commande b2bislandpackaging.gr ont la possibilit\u00e9 de d\u00e9sactiver le compte stock\u00e9 dans la base de donn\u00e9es respective. L&#8217;utilisateur se r\u00e9serve le droit de demander sa suppression d\u00e9finitive en envoyant un email \u00e0 info@b2bislandpackaging.gr.\n<h4><b>Suppression d\u00e9finitive d&#8217;un utilisateur<\/b><\/h4>\nDans tout autre cas, tel qu&#8217;une communication par e-mail, l&#8217;utilisateur peut demander sa suppression d\u00e9finitive en envoyant un e-mail \u00e0 info@b2bislandpackaging.gr. Les administrateurs supprimeront alors d\u00e9finitivement toutes les informations de cet utilisateur de tout m\u00e9dia sur lequel il est enregistr\u00e9.\n<h4><strong>Un cas d&#8217;activit\u00e9 malveillante contre le site Internet<\/strong><\/h4>\nEn cas d&#8217;action malveillante contre le site b2bislandpackaging.gr pouvant pr\u00e9senter un risque de fuite des donn\u00e9es personnelles de l&#8217;utilisateur enregistr\u00e9 (fuite de donn\u00e9es), les administrateurs du site b2bislandpackaging.gr sont tenus d&#8217;informer chaque utilisateur enregistr\u00e9 par tous les moyens \u00e0 leur disposition, ainsi que de signaler les informations personnelles enregistr\u00e9es dans la base de donn\u00e9es et qui pourraient avoir \u00e9t\u00e9 divulgu\u00e9es.\nEn outre, les administrateurs du site Web b2bislandpackaging.gr sont tenus de r\u00e9tablir la s\u00e9curit\u00e9 du site Web Decobox.gr imm\u00e9diatement et efficacement, afin qu&#8217;aucune action malveillante ne se produise \u00e0 l&#8217;avenir contre le site Web.\n<h4><strong>Communication<\/strong><\/h4>\nPour toute pr\u00e9cision relative \u00e0 &#8220;b2bislandpackaging&#8221; VOUTSINOS &#8211; ROUSSOU &amp; Co. O.E. pour les conditions d&#8217;utilisation de son site Internet, les membres et les utilisateurs peuvent contacter l&#8217;adresse email info@db2bislandpackaging.gr ou contacter notre soci\u00e9t\u00e9 \u00e0 l&#8217;adresse postale : b2bislandpackaging &#8211; Manna.\t\t\t\t\t\t\t\t<\/div>\n\t\t\t\t<\/div>\n\t\t\t\t\t<\/div>\n\t\t<\/div>\n\t\t\t\t\t<\/div>\n\t\t<\/section>\n\t\t\t\t<\/div>\n\t\t","protected":false},"excerpt":{"rendered":"<p>Politique de confidentialit\u00e9 Conform\u00e9ment au nouveau r\u00e8glement du R\u00e8glement g\u00e9n\u00e9ral sur la protection des donn\u00e9es (RGPD) de l&#8217;Union europ\u00e9enne pour la protection des donn\u00e9es personnelles des visiteurs\/utilisateurs du site b2bislandpackaging.gr, nous vous informons : 1. Qui nous sommes VOUTSINOU &#8211; ROUSSO &amp; Co. O.E. et sous le titre distinctif b2bislandpackaging, cr\u00e9ateurs et propri\u00e9taires du site [&hellip;]<\/p>\n","protected":false},"author":1,"featured_media":0,"parent":0,"menu_order":0,"comment_status":"closed","ping_status":"open","template":"elementor_header_footer","meta":{"_acf_changed":false,"footnotes":""},"class_list":["post-1250","page","type-page","status-publish","hentry"],"acf":[],"_links":{"self":[{"href":"https:\/\/b2bislandpackaging.gr\/fr\/wp-json\/wp\/v2\/pages\/1250","targetHints":{"allow":["GET"]}}],"collection":[{"href":"https:\/\/b2bislandpackaging.gr\/fr\/wp-json\/wp\/v2\/pages"}],"about":[{"href":"https:\/\/b2bislandpackaging.gr\/fr\/wp-json\/wp\/v2\/types\/page"}],"author":[{"embeddable":true,"href":"https:\/\/b2bislandpackaging.gr\/fr\/wp-json\/wp\/v2\/users\/1"}],"replies":[{"embeddable":true,"href":"https:\/\/b2bislandpackaging.gr\/fr\/wp-json\/wp\/v2\/comments?post=1250"}],"version-history":[{"count":13,"href":"https:\/\/b2bislandpackaging.gr\/fr\/wp-json\/wp\/v2\/pages\/1250\/revisions"}],"predecessor-version":[{"id":1396,"href":"https:\/\/b2bislandpackaging.gr\/fr\/wp-json\/wp\/v2\/pages\/1250\/revisions\/1396"}],"wp:attachment":[{"href":"https:\/\/b2bislandpackaging.gr\/fr\/wp-json\/wp\/v2\/media?parent=1250"}],"curies":[{"name":"wp","href":"https:\/\/api.w.org\/{rel}","templated":true}]}}