{"id":1438,"date":"2025-01-28T09:08:06","date_gmt":"2025-01-28T07:08:06","guid":{"rendered":"https:\/\/b2bislandpackaging.gr\/registration-request-form\/"},"modified":"2025-02-18T15:55:05","modified_gmt":"2025-02-18T13:55:05","slug":"registration-request-form","status":"publish","type":"page","link":"https:\/\/b2bislandpackaging.gr\/fr\/registration-request-form\/","title":{"rendered":"Formulaire de demande d&#8217;inscription B2B"},"content":{"rendered":"\t\t<div data-elementor-type=\"wp-page\" data-elementor-id=\"1438\" class=\"elementor elementor-1438 elementor-807\" data-elementor-post-type=\"page\">\n\t\t\t\t\t\t<section class=\"elementor-section elementor-top-section elementor-element elementor-element-e75eef5 rey-flexWrap rey-section-stretched elementor-section-boxed elementor-section-height-default elementor-section-height-default\" data-id=\"e75eef5\" data-element_type=\"section\">\n\t\t\t\t\t\t\t<div class=\"elementor-background-overlay\"><\/div>\n\t\t\t\t\t\t\t<div class=\"elementor-container elementor-column-gap-default\">\n\t\t\t\t\t<div class=\"elementor-column elementor-col-100 elementor-top-column elementor-element elementor-element-e65200c\" data-id=\"e65200c\" data-element_type=\"column\">\n\t\t\t<div class=\"elementor-column-wrap--e65200c elementor-widget-wrap elementor-element-populated\">\n\t\t\t\t\t\t<div class=\"elementor-element elementor-element-d59d23a elementor-widget elementor-widget-heading\" data-id=\"d59d23a\" data-element_type=\"widget\" data-widget_type=\"heading.default\">\n\t\t\t\t<div class=\"elementor-widget-container\">\n\t\t\t\t\t<h2 class=\"elementor-heading-title elementor-size-default\">IslandPackaging B2B<\/h2>\t\t\t\t<\/div>\n\t\t\t\t<\/div>\n\t\t\t\t<div class=\"elementor-element elementor-element-63bb16a elementor-widget__width-auto elementor-widget-divider--view-line elementor-widget elementor-widget-divider\" data-id=\"63bb16a\" data-element_type=\"widget\" data-widget_type=\"divider.default\">\n\t\t\t\t<div class=\"elementor-widget-container\">\n\t\t\t\t\t\t\t<div class=\"elementor-divider\">\n\t\t\t<span class=\"elementor-divider-separator\">\n\t\t\t\t\t\t<\/span>\n\t\t<\/div>\n\t\t\t\t\t\t<\/div>\n\t\t\t\t<\/div>\n\t\t\t\t<div class=\"elementor-element elementor-element-d248acc elementor-widget__width-initial elementor-widget elementor-widget-text-editor\" data-id=\"d248acc\" data-element_type=\"widget\" data-widget_type=\"text-editor.default\">\n\t\t\t\t<div class=\"elementor-widget-container\">\n\t\t\t\t\t\t\t\t\t<p>Remplissez le formulaire ci-dessous, et votre conseiller personnel prendra contact avec vous.<\/p>\t\t\t\t\t\t\t\t<\/div>\n\t\t\t\t<\/div>\n\t\t\t\t\t<\/div>\n\t\t<\/div>\n\t\t\t\t\t<\/div>\n\t\t<\/section>\n\t\t\t\t<section class=\"elementor-section elementor-top-section elementor-element elementor-element-b6af9d1 rey-section-stretched elementor-section-boxed elementor-section-height-default elementor-section-height-default\" data-id=\"b6af9d1\" data-element_type=\"section\">\n\t\t\t\t\t\t<div class=\"elementor-container elementor-column-gap-default\">\n\t\t\t\t\t<div class=\"elementor-column elementor-col-100 elementor-top-column elementor-element elementor-element-1e44508 rey-colbg--classic\" data-id=\"1e44508\" data-element_type=\"column\" data-settings=\"{&quot;background_background&quot;:&quot;classic&quot;}\">\n\t\t\t<div class=\"elementor-column-wrap--1e44508 elementor-widget-wrap elementor-element-populated\">\n\t\t\t\t\t\t<div class=\"elementor-element elementor-element-0d17274 elementor-button-align-end elementor-widget elementor-widget-form\" data-id=\"0d17274\" data-element_type=\"widget\" data-settings=\"{&quot;step_next_label&quot;:&quot;Next&quot;,&quot;step_previous_label&quot;:&quot;Previous&quot;,&quot;button_width&quot;:&quot;100&quot;,&quot;step_type&quot;:&quot;number_text&quot;,&quot;step_icon_shape&quot;:&quot;circle&quot;}\" data-widget_type=\"form.default\">\n\t\t\t\t<div class=\"elementor-widget-container\">\n\t\t\t\t\t\t\t<form class=\"elementor-form\" method=\"post\" name=\"New Form\">\n\t\t\t<input type=\"hidden\" name=\"post_id\" value=\"1438\"\/>\n\t\t\t<input type=\"hidden\" name=\"form_id\" value=\"0d17274\"\/>\n\t\t\t<input type=\"hidden\" name=\"referer_title\" value=\"\" \/>\n\n\t\t\t\n\t\t\t<div class=\"elementor-form-fields-wrapper elementor-labels-above\">\n\t\t\t\t\t\t\t\t<div class=\"elementor-field-type-text elementor-field-group elementor-column elementor-field-group-name elementor-col-50 elementor-field-required\">\n\t\t\t\t\t\t\t\t\t\t\t\t<label for=\"form-field-name\" class=\"elementor-field-label\">\n\t\t\t\t\t\t\t\tNom\t\t\t\t\t\t\t<\/label>\n\t\t\t\t\t\t\t\t\t\t\t\t\t\t<input size=\"1\" type=\"text\" name=\"form_fields[name]\" id=\"form-field-name\" class=\"elementor-field elementor-size-sm  elementor-field-textual\" required=\"required\" aria-required=\"true\">\n\t\t\t\t\t\t\t\t\t\t\t<\/div>\n\t\t\t\t\t\t\t\t<div class=\"elementor-field-type-text elementor-field-group elementor-column elementor-field-group-field_a2562c7 elementor-col-50 elementor-field-required\">\n\t\t\t\t\t\t\t\t\t\t\t\t<label for=\"form-field-field_a2562c7\" class=\"elementor-field-label\">\n\t\t\t\t\t\t\t\tPr\u00e9nom\t\t\t\t\t\t\t<\/label>\n\t\t\t\t\t\t\t\t\t\t\t\t\t\t<input size=\"1\" type=\"text\" name=\"form_fields[field_a2562c7]\" id=\"form-field-field_a2562c7\" class=\"elementor-field elementor-size-sm  elementor-field-textual\" required=\"required\" aria-required=\"true\">\n\t\t\t\t\t\t\t\t\t\t\t<\/div>\n\t\t\t\t\t\t\t\t<div class=\"elementor-field-type-text elementor-field-group elementor-column elementor-field-group-field_82fe5ea elementor-col-50 elementor-field-required\">\n\t\t\t\t\t\t\t\t\t\t\t\t<label for=\"form-field-field_82fe5ea\" class=\"elementor-field-label\">\n\t\t\t\t\t\t\t\tEntreprise\t\t\t\t\t\t\t<\/label>\n\t\t\t\t\t\t\t\t\t\t\t\t\t\t<input size=\"1\" type=\"text\" name=\"form_fields[field_82fe5ea]\" id=\"form-field-field_82fe5ea\" class=\"elementor-field elementor-size-sm  elementor-field-textual\" required=\"required\" aria-required=\"true\">\n\t\t\t\t\t\t\t\t\t\t\t<\/div>\n\t\t\t\t\t\t\t\t<div class=\"elementor-field-type-text elementor-field-group elementor-column elementor-field-group-field_4a6f211 elementor-col-50 elementor-field-required\">\n\t\t\t\t\t\t\t\t\t\t\t\t<label for=\"form-field-field_4a6f211\" class=\"elementor-field-label\">\n\t\t\t\t\t\t\t\tActivit\u00e9\t\t\t\t\t\t\t<\/label>\n\t\t\t\t\t\t\t\t\t\t\t\t\t\t<input size=\"1\" type=\"text\" name=\"form_fields[field_4a6f211]\" id=\"form-field-field_4a6f211\" class=\"elementor-field elementor-size-sm  elementor-field-textual\" required=\"required\" aria-required=\"true\">\n\t\t\t\t\t\t\t\t\t\t\t<\/div>\n\t\t\t\t\t\t\t\t<div class=\"elementor-field-type-select elementor-field-group elementor-column elementor-field-group-field_43810cc elementor-col-50 elementor-field-required\">\n\t\t\t\t\t\t\t\t\t\t\t\t<label for=\"form-field-field_43810cc\" class=\"elementor-field-label\">\n\t\t\t\t\t\t\t\tD\u00e9partement\t\t\t\t\t\t\t<\/label>\n\t\t\t\t\t\t\t\t<div class=\"elementor-field elementor-select-wrapper remove-before \">\n\t\t\t<div class=\"select-caret-down-wrapper\">\n\t\t\t\t<svg aria-hidden=\"true\" class=\"e-font-icon-svg e-eicon-caret-down\" viewBox=\"0 0 571.4 571.4\" xmlns=\"http:\/\/www.w3.org\/2000\/svg\"><path d=\"M571 393Q571 407 561 418L311 668Q300 679 286 679T261 668L11 418Q0 407 0 393T11 368 36 357H536Q550 357 561 368T571 393Z\"><\/path><\/svg>\t\t\t<\/div>\n\t\t\t<select name=\"form_fields[field_43810cc]\" id=\"form-field-field_43810cc\" class=\"elementor-field-textual elementor-size-sm\" required=\"required\" aria-required=\"true\">\n\t\t\t\t\t\t\t\t\t<option value=\"S\u00e9lectionnez  \">S\u00e9lectionnez  <\/option>\n\t\t\t\t\t\t\t\t\t<option value=\"Evros  \">Evros  <\/option>\n\t\t\t\t\t\t\t\t\t<option value=\"Rodopi  \">Rodopi  <\/option>\n\t\t\t\t\t\t\t\t\t<option value=\"Xanthi  \">Xanthi  <\/option>\n\t\t\t\t\t\t\t\t\t<option value=\"Drama  \">Drama  <\/option>\n\t\t\t\t\t\t\t\t\t<option value=\"Kavala  \">Kavala  <\/option>\n\t\t\t\t\t\t\t\t\t<option value=\"Thessalonique  \">Thessalonique  <\/option>\n\t\t\t\t\t\t\t\t\t<option value=\"Halkidiki  \">Halkidiki  <\/option>\n\t\t\t\t\t\t\t\t\t<option value=\"Imathie  \">Imathie  <\/option>\n\t\t\t\t\t\t\t\t\t<option value=\"Kilkis  \">Kilkis  <\/option>\n\t\t\t\t\t\t\t\t\t<option value=\"Pella  \">Pella  <\/option>\n\t\t\t\t\t\t\t\t\t<option value=\"Pieria  \">Pieria  <\/option>\n\t\t\t\t\t\t\t\t\t<option value=\"Serres  \">Serres  <\/option>\n\t\t\t\t\t\t\t\t\t<option value=\"Kozani  \">Kozani  <\/option>\n\t\t\t\t\t\t\t\t\t<option value=\"Florina  \">Florina  <\/option>\n\t\t\t\t\t\t\t\t\t<option value=\"Grevena  \">Grevena  <\/option>\n\t\t\t\t\t\t\t\t\t<option value=\"Kastoria  \">Kastoria  <\/option>\n\t\t\t\t\t\t\t\t\t<option value=\"Ioannina  \">Ioannina  <\/option>\n\t\t\t\t\t\t\t\t\t<option value=\"Arta  \">Arta  <\/option>\n\t\t\t\t\t\t\t\t\t<option value=\"Preveza  \">Preveza  <\/option>\n\t\t\t\t\t\t\t\t\t<option value=\"Thesprotia  \">Thesprotia  <\/option>\n\t\t\t\t\t\t\t\t\t<option value=\"Larissa  \">Larissa  <\/option>\n\t\t\t\t\t\t\t\t\t<option value=\"Karditsa  \">Karditsa  <\/option>\n\t\t\t\t\t\t\t\t\t<option value=\"Magnesia  \">Magnesia  <\/option>\n\t\t\t\t\t\t\t\t\t<option value=\"Trikala  \">Trikala  <\/option>\n\t\t\t\t\t\t\t\t\t<option value=\"Boeotia  \">Boeotia  <\/option>\n\t\t\t\t\t\t\t\t\t<option value=\"Eub\u00e9e  \">Eub\u00e9e  <\/option>\n\t\t\t\t\t\t\t\t\t<option value=\"Evrytanie  \">Evrytanie  <\/option>\n\t\t\t\t\t\t\t\t\t<option value=\"Phocis  \">Phocis  <\/option>\n\t\t\t\t\t\t\t\t\t<option value=\"Phthiotis  \">Phthiotis  <\/option>\n\t\t\t\t\t\t\t\t\t<option value=\"C\u00e9phalonie  \">C\u00e9phalonie  <\/option>\n\t\t\t\t\t\t\t\t\t<option value=\"Corfou  \">Corfou  <\/option>\n\t\t\t\t\t\t\t\t\t<option value=\"Lefkada  \">Lefkada  <\/option>\n\t\t\t\t\t\t\t\t\t<option value=\"Zante  \">Zante  <\/option>\n\t\t\t\t\t\t\t\t\t<option value=\"Acha\u00efe  \">Acha\u00efe  <\/option>\n\t\t\t\t\t\t\t\t\t<option value=\"Elis  \">Elis  <\/option>\n\t\t\t\t\t\t\t\t\t<option value=\"Aetolie-Acarnanie  \">Aetolie-Acarnanie  <\/option>\n\t\t\t\t\t\t\t\t\t<option value=\"Arcadie  \">Arcadie  <\/option>\n\t\t\t\t\t\t\t\t\t<option value=\"Argolide  \">Argolide  <\/option>\n\t\t\t\t\t\t\t\t\t<option value=\"Corinthe  \">Corinthe  <\/option>\n\t\t\t\t\t\t\t\t\t<option value=\"Laconie  \">Laconie  <\/option>\n\t\t\t\t\t\t\t\t\t<option value=\"Mess\u00e9nie  \">Mess\u00e9nie  <\/option>\n\t\t\t\t\t\t\t\t\t<option value=\"Ath\u00e8nes  \">Ath\u00e8nes  <\/option>\n\t\t\t\t\t\t\t\t\t<option value=\"Attique orientale  \">Attique orientale  <\/option>\n\t\t\t\t\t\t\t\t\t<option value=\"Le Pir\u00e9e  \">Le Pir\u00e9e  <\/option>\n\t\t\t\t\t\t\t\t\t<option value=\"Attique occidentale  \">Attique occidentale  <\/option>\n\t\t\t\t\t\t\t\t\t<option value=\"Chios  \">Chios  <\/option>\n\t\t\t\t\t\t\t\t\t<option value=\"Lesbos  \">Lesbos  <\/option>\n\t\t\t\t\t\t\t\t\t<option value=\"Samos  \">Samos  <\/option>\n\t\t\t\t\t\t\t\t\t<option value=\"Cyclades  \">Cyclades  <\/option>\n\t\t\t\t\t\t\t\t\t<option value=\"Dod\u00e9can\u00e8se  \">Dod\u00e9can\u00e8se  <\/option>\n\t\t\t\t\t\t\t\t\t<option value=\"Iraklion  \">Iraklion  <\/option>\n\t\t\t\t\t\t\t\t\t<option value=\"Chania  \">Chania  <\/option>\n\t\t\t\t\t\t\t\t\t<option value=\"Lassithi  \">Lassithi  <\/option>\n\t\t\t\t\t\t\t\t\t<option value=\"Rethymnon  \">Rethymnon  <\/option>\n\t\t\t\t\t\t\t<\/select>\n\t\t<\/div>\n\t\t\t\t\t\t<\/div>\n\t\t\t\t\t\t\t\t<div class=\"elementor-field-type-text elementor-field-group elementor-column elementor-field-group-field_c817f0c elementor-col-50\">\n\t\t\t\t\t\t\t\t\t\t\t\t<label for=\"form-field-field_c817f0c\" class=\"elementor-field-label\">\n\t\t\t\t\t\t\t\tR\u00e9gion\t\t\t\t\t\t\t<\/label>\n\t\t\t\t\t\t\t\t\t\t\t\t\t\t<input size=\"1\" type=\"text\" name=\"form_fields[field_c817f0c]\" id=\"form-field-field_c817f0c\" class=\"elementor-field elementor-size-sm  elementor-field-textual\">\n\t\t\t\t\t\t\t\t\t\t\t<\/div>\n\t\t\t\t\t\t\t\t<div class=\"elementor-field-type-text elementor-field-group elementor-column elementor-field-group-field_99422a7 elementor-col-50\">\n\t\t\t\t\t\t\t\t\t\t\t\t<label for=\"form-field-field_99422a7\" class=\"elementor-field-label\">\n\t\t\t\t\t\t\t\tRue\t\t\t\t\t\t\t<\/label>\n\t\t\t\t\t\t\t\t\t\t\t\t\t\t<input size=\"1\" type=\"text\" name=\"form_fields[field_99422a7]\" id=\"form-field-field_99422a7\" class=\"elementor-field elementor-size-sm  elementor-field-textual\">\n\t\t\t\t\t\t\t\t\t\t\t<\/div>\n\t\t\t\t\t\t\t\t<div class=\"elementor-field-type-number elementor-field-group elementor-column elementor-field-group-field_0f12864 elementor-col-50\">\n\t\t\t\t\t\t\t\t\t\t\t\t<label for=\"form-field-field_0f12864\" class=\"elementor-field-label\">\n\t\t\t\t\t\t\t\tNum\u00e9ro\t\t\t\t\t\t\t<\/label>\n\t\t\t\t\t\t\t\t\t<input type=\"number\" name=\"form_fields[field_0f12864]\" id=\"form-field-field_0f12864\" class=\"elementor-field elementor-size-sm  elementor-field-textual\" min=\"\" max=\"\" >\n\t\t\t\t\t\t<\/div>\n\t\t\t\t\t\t\t\t<div class=\"elementor-field-type-number elementor-field-group elementor-column elementor-field-group-field_17fe1a7 elementor-col-50\">\n\t\t\t\t\t\t\t\t\t\t\t\t<label for=\"form-field-field_17fe1a7\" class=\"elementor-field-label\">\n\t\t\t\t\t\t\t\tCode postal\t\t\t\t\t\t\t<\/label>\n\t\t\t\t\t\t\t\t\t<input type=\"number\" name=\"form_fields[field_17fe1a7]\" id=\"form-field-field_17fe1a7\" class=\"elementor-field elementor-size-sm  elementor-field-textual\" min=\"\" max=\"\" >\n\t\t\t\t\t\t<\/div>\n\t\t\t\t\t\t\t\t<div class=\"elementor-field-type-email elementor-field-group elementor-column elementor-field-group-email elementor-col-50 elementor-field-required\">\n\t\t\t\t\t\t\t\t\t\t\t\t<label for=\"form-field-email\" class=\"elementor-field-label\">\n\t\t\t\t\t\t\t\tEmail\t\t\t\t\t\t\t<\/label>\n\t\t\t\t\t\t\t\t\t\t\t\t\t\t<input size=\"1\" type=\"email\" name=\"form_fields[email]\" id=\"form-field-email\" class=\"elementor-field elementor-size-sm  elementor-field-textual\" required=\"required\" aria-required=\"true\">\n\t\t\t\t\t\t\t\t\t\t\t<\/div>\n\t\t\t\t\t\t\t\t<div class=\"elementor-field-type-tel elementor-field-group elementor-column elementor-field-group-field_7352f5e elementor-col-50\">\n\t\t\t\t\t\t\t\t\t\t\t\t<label for=\"form-field-field_7352f5e\" class=\"elementor-field-label\">\n\t\t\t\t\t\t\t\tT\u00e9l\u00e9phone\t\t\t\t\t\t\t<\/label>\n\t\t\t\t\t\t\t\t<input size=\"1\" type=\"tel\" name=\"form_fields[field_7352f5e]\" id=\"form-field-field_7352f5e\" class=\"elementor-field elementor-size-sm  elementor-field-textual\" pattern=\"[0-9()#&amp;+*-=.]+\" title=\"Seuls les caract\u00e8res de num\u00e9ros de t\u00e9l\u00e9phone (#, -, *, etc.) sont accept\u00e9s.\">\n\n\t\t\t\t\t\t<\/div>\n\t\t\t\t\t\t\t\t<div class=\"elementor-field-type-tel elementor-field-group elementor-column elementor-field-group-field_b1e62ed elementor-col-50\">\n\t\t\t\t\t\t\t\t\t\t\t\t<label for=\"form-field-field_b1e62ed\" class=\"elementor-field-label\">\n\t\t\t\t\t\t\t\tPortable\t\t\t\t\t\t\t<\/label>\n\t\t\t\t\t\t\t\t<input size=\"1\" type=\"tel\" name=\"form_fields[field_b1e62ed]\" id=\"form-field-field_b1e62ed\" class=\"elementor-field elementor-size-sm  elementor-field-textual\" pattern=\"[0-9()#&amp;+*-=.]+\" title=\"Seuls les caract\u00e8res de num\u00e9ros de t\u00e9l\u00e9phone (#, -, *, etc.) sont accept\u00e9s.\">\n\n\t\t\t\t\t\t<\/div>\n\t\t\t\t\t\t\t\t<div class=\"elementor-field-type-textarea elementor-field-group elementor-column elementor-field-group-field_80ccaa2 elementor-col-100\">\n\t\t\t\t\t\t\t\t\t\t\t\t<label for=\"form-field-field_80ccaa2\" class=\"elementor-field-label\">\n\t\t\t\t\t\t\t\tCommentaires\t\t\t\t\t\t\t<\/label>\n\t\t\t\t\t\t<textarea class=\"elementor-field-textual elementor-field  elementor-size-sm\" name=\"form_fields[field_80ccaa2]\" id=\"form-field-field_80ccaa2\" rows=\"4\"><\/textarea>\t\t\t\t<\/div>\n\t\t\t\t\t\t\t\t<div class=\"elementor-field-type-html elementor-field-group elementor-column elementor-field-group-field_86a90e1 elementor-col-100\">\n\t\t\t\t\tLes champs marqu\u00e9s d'un ast\u00e9risque (*) sont obligatoires.\t\t\t\t<\/div>\n\t\t\t\t\t\t\t\t<div class=\"elementor-field-type-html elementor-field-group elementor-column elementor-field-group-field_a099e54 elementor-col-100\">\n\t\t\t\t\tLe site b2bislandpackaging.gr utilise les donn\u00e9es personnelles ci-dessus afin que votre conseiller personnel puisse prendre contact avec vous.\nSi vous le souhaitez, vous pouvez \u00eatre inform\u00e9 des nouvelles offres, produits et services de Printsub.gr en activant les options ci-dessous.\n\nJe souhaite \u00eatre inform\u00e9 des nouvelles offres, produits et services de b2bislandpackaging.gr via :\t\t\t\t<\/div>\n\t\t\t\t\t\t\t\t<div class=\"elementor-field-type-checkbox elementor-field-group elementor-column elementor-field-group-field_43bc38c elementor-col-100\">\n\t\t\t\t\t<div class=\"elementor-field-subgroup  \"><span class=\"elementor-field-option\"><input type=\"checkbox\" value=\"e-mail\" id=\"form-field-field_43bc38c-0\" name=\"form_fields[field_43bc38c][]\"> <label for=\"form-field-field_43bc38c-0\">e-mail<\/label><\/span><span class=\"elementor-field-option\"><input type=\"checkbox\" value=\"appel t\u00e9l\u00e9phonique\" id=\"form-field-field_43bc38c-1\" name=\"form_fields[field_43bc38c][]\"> <label for=\"form-field-field_43bc38c-1\">appel t\u00e9l\u00e9phonique<\/label><\/span><span class=\"elementor-field-option\"><input type=\"checkbox\" value=\"message \u00e9crit (SMS, WhatsApp et autres plateformes de messagerie)\" id=\"form-field-field_43bc38c-2\" name=\"form_fields[field_43bc38c][]\"> <label for=\"form-field-field_43bc38c-2\">message \u00e9crit (SMS, WhatsApp et autres plateformes de messagerie)<\/label><\/span><span class=\"elementor-field-option\"><input type=\"checkbox\" value=\"tous les \u00e9l\u00e9ments ci-dessus\" id=\"form-field-field_43bc38c-3\" name=\"form_fields[field_43bc38c][]\"> <label for=\"form-field-field_43bc38c-3\">tous les \u00e9l\u00e9ments ci-dessus<\/label><\/span><\/div>\t\t\t\t<\/div>\n\t\t\t\t\t\t\t\t<div class=\"elementor-field-group elementor-column elementor-field-type-submit elementor-col-100 e-form__buttons\">\n\t\t\t\t\t<button class=\"elementor-button elementor-size-sm elementor-animation-grow\" type=\"submit\">\n\t\t\t\t\t\t<span class=\"elementor-button-content-wrapper\">\n\t\t\t\t\t\t\t\t\t\t\t\t\t\t\t\t\t\t\t\t\t\t<span class=\"elementor-button-text\">ENVOYER<\/span>\n\t\t\t\t\t\t\t\t\t\t\t\t\t<\/span>\n\t\t\t\t\t<\/button>\n\t\t\t\t<\/div>\n\t\t\t<\/div>\n\t\t<\/form>\n\t\t\t\t\t\t<\/div>\n\t\t\t\t<\/div>\n\t\t\t\t\t<\/div>\n\t\t<\/div>\n\t\t\t\t\t<\/div>\n\t\t<\/section>\n\t\t\t\t<\/div>\n\t\t","protected":false},"excerpt":{"rendered":"<p>IslandPackaging B2B Remplissez le formulaire ci-dessous, et votre conseiller personnel prendra contact avec vous.<\/p>\n","protected":false},"author":1,"featured_media":0,"parent":0,"menu_order":0,"comment_status":"closed","ping_status":"closed","template":"elementor_header_footer","meta":{"_acf_changed":false,"footnotes":""},"class_list":["post-1438","page","type-page","status-publish","hentry"],"acf":[],"_links":{"self":[{"href":"https:\/\/b2bislandpackaging.gr\/fr\/wp-json\/wp\/v2\/pages\/1438","targetHints":{"allow":["GET"]}}],"collection":[{"href":"https:\/\/b2bislandpackaging.gr\/fr\/wp-json\/wp\/v2\/pages"}],"about":[{"href":"https:\/\/b2bislandpackaging.gr\/fr\/wp-json\/wp\/v2\/types\/page"}],"author":[{"embeddable":true,"href":"https:\/\/b2bislandpackaging.gr\/fr\/wp-json\/wp\/v2\/users\/1"}],"replies":[{"embeddable":true,"href":"https:\/\/b2bislandpackaging.gr\/fr\/wp-json\/wp\/v2\/comments?post=1438"}],"version-history":[{"count":7,"href":"https:\/\/b2bislandpackaging.gr\/fr\/wp-json\/wp\/v2\/pages\/1438\/revisions"}],"predecessor-version":[{"id":1463,"href":"https:\/\/b2bislandpackaging.gr\/fr\/wp-json\/wp\/v2\/pages\/1438\/revisions\/1463"}],"wp:attachment":[{"href":"https:\/\/b2bislandpackaging.gr\/fr\/wp-json\/wp\/v2\/media?parent=1438"}],"curies":[{"name":"wp","href":"https:\/\/api.w.org\/{rel}","templated":true}]}}